{"id":81,"date":"2018-04-11T11:32:56","date_gmt":"2018-04-11T09:32:56","guid":{"rendered":"http:\/\/rikosoft.cal.pl\/kariko\/?page_id=81"},"modified":"2018-04-17T17:41:36","modified_gmt":"2018-04-17T15:41:36","slug":"contact","status":"publish","type":"page","link":"https:\/\/rikosoft.cal.pl\/kariko\/en\/contact\/","title":{"rendered":"Contact"},"content":{"rendered":"<div class=\"su-row\"><div class=\"su-column su-column-size-1-2\"><div class=\"su-column-inner su-u-clearfix su-u-trim\">KaRiko<\/div><\/div>\n<div class=\"su-column su-column-size-1-2\"><div class=\"su-column-inner su-u-clearfix su-u-trim\"><div class=\"su-gmap su-u-responsive-media-yes\"><iframe width=\"600\" height=\"400\" src=\"\/\/maps.google.com\/maps?q=Wroc%C5%82aw&amp;output=embed\" title=\"\"><\/iframe><\/div><\/div><\/div><\/div>\n<div class=\"su-column su-column-size-1-2\"><div class=\"su-column-inner su-u-clearfix su-u-trim\">\n<div class=\"wpcf7 no-js\" id=\"wpcf7-f297-o1\" lang=\"pl-PL\" dir=\"ltr\">\n<div class=\"screen-reader-response\"><p role=\"status\" aria-live=\"polite\" aria-atomic=\"true\"><\/p> <ul><\/ul><\/div>\n<form action=\"\/kariko\/wp-json\/wp\/v2\/pages\/81#wpcf7-f297-o1\" method=\"post\" class=\"wpcf7-form init\" aria-label=\"Formularz kontaktowy\" novalidate=\"novalidate\" data-status=\"init\">\n<div style=\"display: none;\">\n<input type=\"hidden\" name=\"_wpcf7\" value=\"297\" \/>\n<input type=\"hidden\" name=\"_wpcf7_version\" value=\"5.8\" \/>\n<input type=\"hidden\" name=\"_wpcf7_locale\" value=\"pl_PL\" \/>\n<input type=\"hidden\" name=\"_wpcf7_unit_tag\" value=\"wpcf7-f297-o1\" \/>\n<input type=\"hidden\" name=\"_wpcf7_container_post\" value=\"0\" \/>\n<input type=\"hidden\" name=\"_wpcf7_posted_data_hash\" value=\"\" \/>\n<\/div>\n<p><label>First and last name *<br \/>\n<span class=\"wpcf7-form-control-wrap\" data-name=\"name1\"><input size=\"40\" class=\"wpcf7-form-control wpcf7-text wpcf7-validates-as-required\" aria-required=\"true\" aria-invalid=\"false\" value=\"\" type=\"text\" name=\"name1\" \/><\/span><\/label>\n<\/p>\n<p><label>E-mail *<br \/>\n<span class=\"wpcf7-form-control-wrap\" data-name=\"email1\"><input size=\"40\" class=\"wpcf7-form-control wpcf7-email wpcf7-validates-as-required wpcf7-text wpcf7-validates-as-email\" aria-required=\"true\" aria-invalid=\"false\" value=\"\" type=\"email\" name=\"email1\" \/><\/span><\/label>\n<\/p>\n<p><label>Phone number<br \/>\n<span class=\"wpcf7-form-control-wrap\" data-name=\"phone1\"><input size=\"40\" minlength=\"9\" class=\"wpcf7-form-control wpcf7-tel wpcf7-text wpcf7-validates-as-tel\" aria-invalid=\"false\" value=\"\" type=\"tel\" name=\"phone1\" \/><\/span><\/label>\n<\/p>\n<p><label>Subject *<br \/>\n<span class=\"wpcf7-form-control-wrap\" data-name=\"subject2\"><select class=\"wpcf7-form-control wpcf7-select wpcf7-validates-as-required\" aria-required=\"true\" aria-invalid=\"false\" name=\"subject2\"><option value=\"\">&#8212;Prosz\u0119 wybra\u0107 opcj\u0119&#8212;<\/option><option value=\"Question\">Question<\/option><option value=\"Booking\">Booking<\/option><option value=\"Cooperation\">Cooperation<\/option><option value=\"Other\">Other<\/option><\/select><\/span><\/label><br \/>\n<label><span class=\"wpcf7-form-control-wrap\" data-name=\"subject1\"><input size=\"40\" class=\"wpcf7-form-control wpcf7-text wpcf7-validates-as-required\" aria-required=\"true\" aria-invalid=\"false\" value=\"\" type=\"text\" name=\"subject1\" \/><\/span><\/label>\n<\/p>\n<p><label>Message *<br \/>\n<span class=\"wpcf7-form-control-wrap\" data-name=\"message1\"><textarea cols=\"40\" rows=\"10\" class=\"wpcf7-form-control wpcf7-textarea wpcf7-validates-as-required\" aria-required=\"true\" aria-invalid=\"false\" name=\"message1\"><\/textarea><\/span><\/label><br \/>\n* Required fields\n<\/p>\n<p><input class=\"wpcf7-form-control wpcf7-submit has-spinner\" type=\"submit\" value=\"Submit\" \/>\n<\/p><div class=\"wpcf7-response-output\" aria-hidden=\"true\"><\/div>\n<\/form>\n<\/div>\n<\/div><\/div>\n","protected":false},"excerpt":{"rendered":"","protected":false},"author":1,"featured_media":0,"parent":0,"menu_order":0,"comment_status":"closed","ping_status":"closed","template":"","meta":{"footnotes":""},"_links":{"self":[{"href":"https:\/\/rikosoft.cal.pl\/kariko\/wp-json\/wp\/v2\/pages\/81"}],"collection":[{"href":"https:\/\/rikosoft.cal.pl\/kariko\/wp-json\/wp\/v2\/pages"}],"about":[{"href":"https:\/\/rikosoft.cal.pl\/kariko\/wp-json\/wp\/v2\/types\/page"}],"author":[{"embeddable":true,"href":"https:\/\/rikosoft.cal.pl\/kariko\/wp-json\/wp\/v2\/users\/1"}],"replies":[{"embeddable":true,"href":"https:\/\/rikosoft.cal.pl\/kariko\/wp-json\/wp\/v2\/comments?post=81"}],"version-history":[{"count":10,"href":"https:\/\/rikosoft.cal.pl\/kariko\/wp-json\/wp\/v2\/pages\/81\/revisions"}],"predecessor-version":[{"id":318,"href":"https:\/\/rikosoft.cal.pl\/kariko\/wp-json\/wp\/v2\/pages\/81\/revisions\/318"}],"wp:attachment":[{"href":"https:\/\/rikosoft.cal.pl\/kariko\/wp-json\/wp\/v2\/media?parent=81"}],"curies":[{"name":"wp","href":"https:\/\/api.w.org\/{rel}","templated":true}]}}